{"id":721,"date":"2025-02-03T18:19:24","date_gmt":"2025-02-03T17:19:24","guid":{"rendered":"http:\/\/desarrollo.ecohidro.es\/?page_id=721"},"modified":"2026-04-15T14:09:35","modified_gmt":"2026-04-15T12:09:35","slug":"industria","status":"publish","type":"page","link":"https:\/\/www.ecohidro.es\/en\/industria\/","title":{"rendered":"INDUSTRY"},"content":{"rendered":"\n[et_pb_section fb_built=\u00bb1&#8243; fullwidth=\u00bbon\u00bb _builder_version=\u00bb4.27.4&#8243; _module_preset=\u00bbdefault\u00bb global_colors_info=\u00bb{}\u00bb][et_pb_fullwidth_slider _builder_version=\u00bb4.27.4&#8243; _module_preset=\u00bbdefault\u00bb header_font=\u00bb|600|||||||\u00bb header_text_align=\u00bbleft\u00bb header_font_size=\u00bb70px\u00bb body_font_size=\u00bb20px\u00bb use_background_color_gradient=\u00bbon\u00bb background_color_gradient_stops=\u00bbrgba(43,48,53,0.32) 80%|rgba(41,196,169,0) 100%\u00bb background_blend=\u00bbmultiply\u00bb custom_button=\u00bbon\u00bb button_bg_color=\u00bb#88C4DD\u00bb button_border_color=\u00bb#FFFFFF\u00bb text_orientation=\u00bbleft\u00bb custom_padding=\u00bb193px||148px|||\u00bb hover_enabled=\u00bb0&#8243; header_text_shadow_style=\u00bbpreset2&#8243; border_color_all=\u00bbRGBA(255,255,255,0)\u00bb text_shadow_style=\u00bbpreset2&#8243; global_colors_info=\u00bb{}\u00bb sticky_enabled=\u00bb0&#8243;][et_pb_slide heading=\u00bbIndustria\u00bb _builder_version=\u00bb4.27.4&#8243; _module_preset=\u00bbdefault\u00bb background_enable_color=\u00bboff\u00bb use_background_color_gradient=\u00bbon\u00bb background_color_gradient_stops=\u00bbrgba(3,17,30,0.32) 83%|rgba(41,196,169,0) 99%\u00bb background_image=\u00bbhttps:\/\/www.ecohidro.es\/wp-content\/uploads\/2025\/03\/agricola-el-jarddin__-1-scaled.jpg\u00bb background_enable_image=\u00bbon\u00bb background_blend=\u00bbmultiply\u00bb custom_button=\u00bbon\u00bb button_bg_color=\u00bbrgba(0,0,0,0.37)\u00bb button_border_radius=\u00bb88px\u00bb button_alignment=\u00bbcenter\u00bb hover_enabled=\u00bb0&#8243; global_colors_info=\u00bb{}\u00bb sticky_transition=\u00bbon\u00bb header_font_size_last_edited=\u00bbon|phone\u00bb sticky_enabled=\u00bb0&#8243; header_font_size_phone=\u00bb50px\u00bb]<p>&nbsp;<\/p>\n<p>La industria abarca m\u00faltiples sectores que requieren procesos especializados para garantizar la calidad, seguridad y eficiencia en la producci\u00f3n.<\/p>\n<p>A continuaci\u00f3n, se presentan las principales categor\u00edas.<\/p>[\/et_pb_slide][\/et_pb_fullwidth_slider][\/et_pb_section][et_pb_section fb_built=\u00bb1&#8243; _builder_version=\u00bb4.27.4&#8243; _module_preset=\u00bbdefault\u00bb global_colors_info=\u00bb{}\u00bb][et_pb_row column_structure=\u00bb1_3,1_3,1_3&#8243; _builder_version=\u00bb4.27.4&#8243; _module_preset=\u00bbdefault\u00bb global_colors_info=\u00bb{}\u00bb][et_pb_column type=\u00bb1_3&#8243; _builder_version=\u00bb4.27.4&#8243; _module_preset=\u00bbdefault\u00bb global_colors_info=\u00bb{}\u00bb][et_pb_blurb title=\u00bbEnerg\u00eda y Transportes\u00bb url=\u00bbhttps:\/\/www.ecohidro.es\/?page_id=655&#8243; image=\u00bbhttps:\/\/www.ecohidro.es\/wp-content\/uploads\/2025\/04\/2Recurso-59.png\u00bb image_icon_width=\u00bb21%\u00bb _builder_version=\u00bb4.27.4&#8243; _module_preset=\u00bbdefault\u00bb header_text_align=\u00bbcenter\u00bb header_text_color=\u00bb#FFFFFF\u00bb header_font_size=\u00bb35px\u00bb use_background_color_gradient=\u00bbon\u00bb background_color_gradient_stops=\u00bb#88c4dd 0%|#88c4dd 99%\u00bb custom_padding=\u00bb0px||25px|||\u00bb border_radii=\u00bbon|40px|40px|40px|40px\u00bb border_width_all=\u00bb30px\u00bb border_color_all=\u00bb#88C4DD\u00bb locked=\u00bboff\u00bb global_colors_info=\u00bb{}\u00bb]<p style=\"text-align: justify;\"><span style=\"color: #ffffff;\">La industria de la energ\u00eda y el transporte se enfrenta a desaf\u00edos constantes en cuanto al uso eficiente del agua, ya que este recurso es esencial en diversos procesos, desde la generaci\u00f3n de energ\u00eda hasta la refrigeraci\u00f3n y el mantenimiento de los sistemas de transporte.\u00a0<\/span><\/p>[\/et_pb_blurb][\/et_pb_column][et_pb_column type=\u00bb1_3&#8243; _builder_version=\u00bb4.27.4&#8243; _module_preset=\u00bbdefault\u00bb global_colors_info=\u00bb{}\u00bb][et_pb_blurb title=\u00bbQu\u00edmica y farmac\u00e9utica\u00bb url=\u00bbhttps:\/\/www.ecohidro.es\/?page_id=652&#8243; image=\u00bbhttps:\/\/www.ecohidro.es\/wp-content\/uploads\/2025\/04\/2Recurso-60.png\u00bb image_icon_width=\u00bb21%\u00bb _builder_version=\u00bb4.27.4&#8243; _module_preset=\u00bbdefault\u00bb header_text_align=\u00bbcenter\u00bb header_text_color=\u00bb#FFFFFF\u00bb header_font_size=\u00bb35px\u00bb background_color=\u00bb#88C4DD\u00bb custom_padding=\u00bb0px||95px|||\u00bb border_radii=\u00bbon|40px|40px|40px|40px\u00bb border_width_all=\u00bb30px\u00bb border_color_all=\u00bb#88C4DD\u00bb locked=\u00bboff\u00bb global_colors_info=\u00bb{}\u00bb]<p style=\"text-align: justify;\"><span style=\"color: #ffffff;\">En la industria qu\u00edmica y farmac\u00e9utica, el agua es un componente crucial en muchos procesos, desde la formulaci\u00f3n de productos hasta la limpieza y desinfecci\u00f3n de equipos.\u00a0<\/span><\/p>[\/et_pb_blurb][\/et_pb_column][et_pb_column type=\u00bb1_3&#8243; _builder_version=\u00bb4.27.4&#8243; _module_preset=\u00bbdefault\u00bb global_colors_info=\u00bb{}\u00bb][et_pb_blurb title=\u00bbMiner\u00eda y Metalurgia\u00bb url=\u00bbhttps:\/\/www.ecohidro.es\/?page_id=658&#8243; image=\u00bbhttps:\/\/www.ecohidro.es\/wp-content\/uploads\/2025\/04\/2Recurso-61.png\u00bb image_icon_width=\u00bb21%\u00bb _builder_version=\u00bb4.27.4&#8243; _module_preset=\u00bbdefault\u00bb header_text_align=\u00bbcenter\u00bb header_text_color=\u00bb#FFFFFF\u00bb header_font_size=\u00bb35px\u00bb use_background_color_gradient=\u00bbon\u00bb background_color_gradient_stops=\u00bb#88c4dd 0%|#88c4dd 99%\u00bb custom_padding=\u00bb0px||90px|||\u00bb border_radii=\u00bbon|40px|40px|40px|40px\u00bb border_width_all=\u00bb30px\u00bb border_color_all=\u00bb#88C4DD\u00bb locked=\u00bboff\u00bb global_colors_info=\u00bb{}\u00bb]<p style=\"text-align: justify;\"><span style=\"color: #ffffff;\">En la miner\u00eda y la metalurgia, el agua juega un papel fundamental en varias etapas del proceso, como la extracci\u00f3n de minerales, el procesamiento de metales y la limpieza de equipos.<\/span><\/p>[\/et_pb_blurb][\/et_pb_column][\/et_pb_row][\/et_pb_section][et_pb_section fb_built=\u00bb1&#8243; fullwidth=\u00bbon\u00bb _builder_version=\u00bb4.27.4&#8243; _module_preset=\u00bbdefault\u00bb locked=\u00bboff\u00bb global_colors_info=\u00bb{}\u00bb][et_pb_fullwidth_slider _builder_version=\u00bb4.27.4&#8243; _module_preset=\u00bbdefault\u00bb header_font=\u00bb|600|||||||\u00bb header_text_align=\u00bbleft\u00bb header_font_size=\u00bb70px\u00bb body_font_size=\u00bb20px\u00bb use_background_color_gradient=\u00bbon\u00bb background_color_gradient_stops=\u00bbrgba(43,48,53,0.32) 80%|rgba(41,196,169,0) 100%\u00bb background_blend=\u00bbmultiply\u00bb custom_button=\u00bbon\u00bb button_bg_color=\u00bb#88C4DD\u00bb button_border_color=\u00bb#FFFFFF\u00bb text_orientation=\u00bbleft\u00bb custom_padding=\u00bb193px||148px|||\u00bb auto=\u00bbon\u00bb auto_ignore_hover=\u00bbon\u00bb header_text_shadow_style=\u00bbpreset2&#8243; border_color_all=\u00bbRGBA(255,255,255,0)\u00bb text_shadow_style=\u00bbpreset2&#8243; locked=\u00bboff\u00bb global_colors_info=\u00bb{}\u00bb][et_pb_slide heading=\u00bbAgroalimentario\u00bb button_text=\u00bb+ info\u00bb button_link=\u00bb@ET-DC@eyJkeW5hbWljIjp0cnVlLCJjb250ZW50IjoicG9zdF9saW5rX3VybF9wYWdlIiwic2V0dGluZ3MiOnsicG9zdF9pZCI6IjcxMCJ9fQ==@\u00bb _builder_version=\u00bb4.27.4&#8243; _dynamic_attributes=\u00bbbutton_link\u00bb _module_preset=\u00bbdefault\u00bb background_enable_color=\u00bboff\u00bb background_image=\u00bbhttps:\/\/www.ecohidro.es\/wp-content\/uploads\/2025\/03\/Gemini_Generated_Image_yty41ryty41ryty4.jpg\u00bb background_enable_image=\u00bbon\u00bb background_position=\u00bbtop_center\u00bb custom_button=\u00bbon\u00bb button_bg_color=\u00bbrgba(53,53,53,0.49)\u00bb button_border_radius=\u00bb79px\u00bb button_alignment=\u00bbright\u00bb header_font_size_tablet=\u00bb\u00bb header_font_size_phone=\u00bb35px\u00bb header_font_size_last_edited=\u00bbon|phone\u00bb locked=\u00bboff\u00bb global_colors_info=\u00bb{}\u00bb sticky_transition=\u00bbon\u00bb]<p>&nbsp;<\/p>\n<p>&nbsp;<\/p>\n<p style=\"text-align: justify;\"><span>El sector agroalimentario requiere agua en grandes cantidades para el riego de cultivos y la producci\u00f3n de alimentos. El tratamiento de agua en este \u00e1mbito permite reducir el desperdicio, mejorar su calidad y asegurar la seguridad alimentaria.<\/span><\/p>[\/et_pb_slide][et_pb_slide heading=\u00bbEmergencias\u00bb button_text=\u00bb+ info\u00bb button_link=\u00bb@ET-DC@eyJkeW5hbWljIjp0cnVlLCJjb250ZW50IjoicG9zdF9saW5rX3VybF9wYWdlIiwic2V0dGluZ3MiOnsicG9zdF9pZCI6IjcxNSJ9fQ==@\u00bb _builder_version=\u00bb4.27.4&#8243; _dynamic_attributes=\u00bbbutton_link\u00bb _module_preset=\u00bbdefault\u00bb background_enable_color=\u00bboff\u00bb background_image=\u00bbhttps:\/\/www.ecohidro.es\/wp-content\/uploads\/2025\/03\/INGENIEROS1-copia-scaled.jpg\u00bb background_enable_image=\u00bbon\u00bb custom_button=\u00bbon\u00bb button_bg_color=\u00bbrgba(53,53,53,0.49)\u00bb button_border_radius=\u00bb79px\u00bb button_alignment=\u00bbright\u00bb header_font_size_tablet=\u00bb\u00bb header_font_size_phone=\u00bb40px\u00bb header_font_size_last_edited=\u00bbon|phone\u00bb locked=\u00bboff\u00bb global_colors_info=\u00bb{}\u00bb sticky_transition=\u00bbon\u00bb]<p>&nbsp;<\/p>\n<p>&nbsp;<\/p>\n<p style=\"text-align: justify;\"><span>En situaciones de crisis, como desastres naturales o emergencias sanitarias, es crucial disponer de agua potable. Se emplean tecnolog\u00edas m\u00f3viles y r\u00e1pidas para purificar el agua en zonas afectadas, asegurando su consumo seguro y evitando enfermedades.<\/span><\/p>[\/et_pb_slide][et_pb_slide heading=\u00bbMunicipal\u00bb button_text=\u00bb+ info\u00bb button_link=\u00bb@ET-DC@eyJkeW5hbWljIjp0cnVlLCJjb250ZW50IjoicG9zdF9saW5rX3VybF9wYWdlIiwic2V0dGluZ3MiOnsicG9zdF9pZCI6IjcxOCJ9fQ==@\u00bb _builder_version=\u00bb4.27.4&#8243; _dynamic_attributes=\u00bbbutton_link\u00bb _module_preset=\u00bbdefault\u00bb background_enable_color=\u00bboff\u00bb background_image=\u00bbhttps:\/\/www.ecohidro.es\/wp-content\/uploads\/2025\/03\/Gemini_Generated_Image_4932xg4932xg4932.jpg\u00bb background_enable_image=\u00bbon\u00bb background_position=\u00bbtop_center\u00bb custom_button=\u00bbon\u00bb button_bg_color=\u00bbrgba(53,53,53,0.49)\u00bb button_border_radius=\u00bb79px\u00bb button_alignment=\u00bbright\u00bb header_font_size_tablet=\u00bb\u00bb header_font_size_phone=\u00bb40px\u00bb header_font_size_last_edited=\u00bbon|phone\u00bb locked=\u00bboff\u00bb global_colors_info=\u00bb{}\u00bb sticky_transition=\u00bbon\u00bb]<p>&nbsp;<\/p>\n<p>&nbsp;<\/p>\n<p style=\"text-align: justify;\"><span>Las ciudades y comunidades dependen del tratamiento de agua para garantizar un suministro seguro y el adecuado tratamiento de aguas residuales.\u00a0<\/span><\/p>[\/et_pb_slide][et_pb_slide heading=\u00bbIndustria\u00bb button_text=\u00bb+ info\u00bb button_link=\u00bb@ET-DC@eyJkeW5hbWljIjp0cnVlLCJjb250ZW50IjoicG9zdF9saW5rX3VybF9wYWdlIiwic2V0dGluZ3MiOnsicG9zdF9pZCI6IjcyMSJ9fQ==@\u00bb _builder_version=\u00bb4.27.4&#8243; _dynamic_attributes=\u00bbbutton_link\u00bb _module_preset=\u00bbdefault\u00bb background_enable_color=\u00bboff\u00bb background_image=\u00bbhttps:\/\/www.ecohidro.es\/wp-content\/uploads\/2025\/03\/Gemini_Generated_Image_63nk5c63nk5c63nk.jpg\u00bb background_enable_image=\u00bbon\u00bb background_position=\u00bbtop_center\u00bb custom_button=\u00bbon\u00bb button_bg_color=\u00bbrgba(53,53,53,0.49)\u00bb button_border_radius=\u00bb79px\u00bb button_alignment=\u00bbright\u00bb header_font_size_tablet=\u00bb\u00bb header_font_size_phone=\u00bb40px\u00bb header_font_size_last_edited=\u00bbon|phone\u00bb locked=\u00bboff\u00bb global_colors_info=\u00bb{}\u00bb sticky_transition=\u00bbon\u00bb]<p>&nbsp;<\/p>\n<p>&nbsp;<\/p>\n<p style=\"text-align: justify;\">El agua es un recurso esencial en el sector industrial, utilizada en procesos de producci\u00f3n, refrigeraci\u00f3n, limpieza y generaci\u00f3n de energ\u00eda. Un tratamiento eficiente del agua no solo garantiza el cumplimiento de normativas ambientales, sino que tambi\u00e9n optimiza costos operativos y minimiza el impacto ecol\u00f3gico.<\/p>[\/et_pb_slide][\/et_pb_fullwidth_slider][\/et_pb_section]\n","protected":false},"excerpt":{"rendered":"<p>&nbsp; La industria abarca m\u00faltiples sectores que requieren procesos especializados para garantizar la calidad, seguridad y eficiencia en la producci\u00f3n. A continuaci\u00f3n, se presentan las principales categor\u00edas.La industria de la energ\u00eda y el transporte se enfrenta a desaf\u00edos constantes en cuanto al uso eficiente del agua, ya que este recurso es esencial en diversos procesos, [&hellip;]<\/p>\n","protected":false},"author":1,"featured_media":0,"parent":0,"menu_order":0,"comment_status":"closed","ping_status":"closed","template":"","meta":{"_et_pb_use_builder":"on","_et_pb_old_content":"<!-- wp:divi\/placeholder \/-->","_et_gb_content_width":"","_monsterinsights_skip_tracking":false,"_monsterinsights_sitenote_active":false,"_monsterinsights_sitenote_note":"","_monsterinsights_sitenote_category":0,"footnotes":""},"class_list":["post-721","page","type-page","status-publish","hentry"],"yoast_head":"<!-- This site is optimized with the Yoast SEO Premium plugin v27.5 (Yoast SEO v27.5) - https:\/\/yoast.com\/product\/yoast-seo-premium-wordpress\/ -->\n<title>Tratamiento de aguas en Industria y su importancia - ECOHIDRO<\/title>\n<meta name=\"description\" content=\"Explore the Tratamiento de aguas en Industria to ensure quality and efficiency in production across multiple sectors.\" \/>\n<meta name=\"robots\" content=\"index, follow, max-snippet:-1, max-image-preview:large, max-video-preview:-1\" \/>\n<link rel=\"canonical\" href=\"https:\/\/www.ecohidro.es\/en\/industria\/\" \/>\n<meta property=\"og:locale\" content=\"en_GB\" \/>\n<meta property=\"og:type\" content=\"article\" \/>\n<meta property=\"og:title\" content=\"Industria\" \/>\n<meta property=\"og:description\" content=\"Explore the Tratamiento de aguas en Industria to ensure quality and efficiency in production across multiple sectors.\" \/>\n<meta property=\"og:url\" content=\"https:\/\/www.ecohidro.es\/en\/industria\/\" \/>\n<meta property=\"og:site_name\" content=\"ECOHIDRO\" \/>\n<meta property=\"article:publisher\" content=\"https:\/\/www.facebook.com\/EcohidroAguayMedioAmbiente\/\" \/>\n<meta property=\"article:modified_time\" content=\"2026-04-15T12:09:35+00:00\" \/>\n<meta property=\"og:image\" content=\"https:\/\/www.ecohidro.es\/wp-content\/uploads\/2025\/03\/agricola-el-jarddin__-scaled.jpg\" \/>\n\t<meta property=\"og:image:width\" content=\"2560\" \/>\n\t<meta property=\"og:image:height\" content=\"1920\" \/>\n\t<meta property=\"og:image:type\" content=\"image\/jpeg\" \/>\n<meta name=\"twitter:card\" content=\"summary_large_image\" \/>\n<meta name=\"twitter:site\" content=\"@ecohidro_\" \/>\n<meta name=\"twitter:label1\" content=\"Estimated reading time\" \/>\n\t<meta name=\"twitter:data1\" content=\"2 minutes\" \/>\n<script type=\"application\/ld+json\" class=\"yoast-schema-graph\">{\"@context\":\"https:\\\/\\\/schema.org\",\"@graph\":[{\"@type\":\"WebPage\",\"@id\":\"https:\\\/\\\/www.ecohidro.es\\\/industria\\\/\",\"url\":\"https:\\\/\\\/www.ecohidro.es\\\/industria\\\/\",\"name\":\"Tratamiento de aguas en Industria y su importancia - ECOHIDRO\",\"isPartOf\":{\"@id\":\"https:\\\/\\\/www.ecohidro.es\\\/#website\"},\"datePublished\":\"2025-02-03T17:19:24+00:00\",\"dateModified\":\"2026-04-15T12:09:35+00:00\",\"description\":\"Explore the Tratamiento de aguas en Industria to ensure quality and efficiency in production across multiple sectors.\",\"breadcrumb\":{\"@id\":\"https:\\\/\\\/www.ecohidro.es\\\/industria\\\/#breadcrumb\"},\"inLanguage\":\"en-GB\",\"potentialAction\":[{\"@type\":\"ReadAction\",\"target\":[\"https:\\\/\\\/www.ecohidro.es\\\/industria\\\/\"]}]},{\"@type\":\"BreadcrumbList\",\"@id\":\"https:\\\/\\\/www.ecohidro.es\\\/industria\\\/#breadcrumb\",\"itemListElement\":[{\"@type\":\"ListItem\",\"position\":1,\"name\":\"Home\",\"item\":\"https:\\\/\\\/www.ecohidro.es\\\/\"},{\"@type\":\"ListItem\",\"position\":2,\"name\":\"Industria\"}]},{\"@type\":\"WebSite\",\"@id\":\"https:\\\/\\\/www.ecohidro.es\\\/#website\",\"url\":\"https:\\\/\\\/www.ecohidro.es\\\/\",\"name\":\"ECOHIDRO\",\"description\":\"Agua y Medio Ambiente\",\"publisher\":{\"@id\":\"https:\\\/\\\/www.ecohidro.es\\\/#organization\"},\"potentialAction\":[{\"@type\":\"SearchAction\",\"target\":{\"@type\":\"EntryPoint\",\"urlTemplate\":\"https:\\\/\\\/www.ecohidro.es\\\/?s={search_term_string}\"},\"query-input\":{\"@type\":\"PropertyValueSpecification\",\"valueRequired\":true,\"valueName\":\"search_term_string\"}}],\"inLanguage\":\"en-GB\"},{\"@type\":[\"Organization\",\"Place\"],\"@id\":\"https:\\\/\\\/www.ecohidro.es\\\/#organization\",\"name\":\"ECOHIDRO\",\"url\":\"https:\\\/\\\/www.ecohidro.es\\\/\",\"logo\":{\"@id\":\"https:\\\/\\\/www.ecohidro.es\\\/industria\\\/#local-main-organization-logo\"},\"image\":{\"@id\":\"https:\\\/\\\/www.ecohidro.es\\\/industria\\\/#local-main-organization-logo\"},\"sameAs\":[\"https:\\\/\\\/www.facebook.com\\\/EcohidroAguayMedioAmbiente\\\/\",\"https:\\\/\\\/x.com\\\/ecohidro_\",\"https:\\\/\\\/www.linkedin.com\\\/company\\\/39878755\\\/admin\\\/dashboard\\\/\",\"https:\\\/\\\/www.instagram.com\\\/ecohidro_es\\\/\"],\"description\":\"Ecohidro Agua y Medio Ambiente EBT, S.L. es una ingenier\u00eda especializada en tratamiento y gesti\u00f3n del agua, con m\u00e1s de 45 a\u00f1os de experiencia en el dise\u00f1o, fabricaci\u00f3n y comercializaci\u00f3n de equipos y soluciones avanzadas para el tratamiento de aguas potables, residuales, de reutilizaci\u00f3n, desalinizaci\u00f3n y aguas grises. Nuestra empresa con sede t\u00e9cnica y f\u00e1brica en Murcia combina ingenier\u00eda, innovaci\u00f3n y sostenibilidad para ofrecer soluciones eficientes y personalizadas a sectores municipales, industriales, agr\u00edcolas y de emergencias, tanto en Espa\u00f1a como internacionalmente. Contamos con una amplia gama de productos propios de tratamiento de agua \u2014como potabilizadoras, depuradoras, sistemas de desalinizaci\u00f3n y tecnolog\u00edas de reutilizaci\u00f3n\u2014 que garantizan cumplimiento normativo, eficiencia energ\u00e9tica y m\u00ednima necesidad de mantenimiento. Nuestros servicios incluyen consultor\u00eda t\u00e9cnica, formaci\u00f3n, soporte y asistencia personalizada, as\u00ed como investigaci\u00f3n y desarrollo continuo, para evolucionar hacia soluciones m\u00e1s sostenibles que reduzcan el impacto ambiental y optimicen los recursos h\u00eddricos. Ecohidro se distingue por su adaptaci\u00f3n a necesidades espec\u00edficas de clientes, su compromiso con la calidad y la sostenibilidad, y la aplicaci\u00f3n de tecnolog\u00edas avanzadas que contribuyen a la preservaci\u00f3n de los recursos h\u00eddricos y la protecci\u00f3n del medio ambiente.\",\"legalName\":\"ECOHIDRO, AGUA Y MEDIO AMBIENTE EBT S.L.\",\"foundingDate\":\"2007-01-19\",\"numberOfEmployees\":{\"@type\":\"QuantitativeValue\",\"minValue\":\"11\",\"maxValue\":\"50\"},\"telephone\":[],\"openingHoursSpecification\":[{\"@type\":\"OpeningHoursSpecification\",\"dayOfWeek\":[\"Monday\",\"Tuesday\",\"Wednesday\",\"Thursday\",\"Friday\",\"Saturday\",\"Sunday\"],\"opens\":\"09:00\",\"closes\":\"17:00\"}]},{\"@type\":\"ImageObject\",\"inLanguage\":\"en-GB\",\"@id\":\"https:\\\/\\\/www.ecohidro.es\\\/industria\\\/#local-main-organization-logo\",\"url\":\"https:\\\/\\\/www.ecohidro.es\\\/wp-content\\\/uploads\\\/2024\\\/10\\\/Degradado_iconopagweb.png\",\"contentUrl\":\"https:\\\/\\\/www.ecohidro.es\\\/wp-content\\\/uploads\\\/2024\\\/10\\\/Degradado_iconopagweb.png\",\"width\":567,\"height\":425,\"caption\":\"ECOHIDRO\"}]}<\/script>\n<!-- \/ Yoast SEO Premium plugin. -->","yoast_head_json":{"title":"Tratamiento de aguas en Industria y su importancia - ECOHIDRO","description":"Explore the Tratamiento de aguas en Industria to ensure quality and efficiency in production across multiple sectors.","robots":{"index":"index","follow":"follow","max-snippet":"max-snippet:-1","max-image-preview":"max-image-preview:large","max-video-preview":"max-video-preview:-1"},"canonical":"https:\/\/www.ecohidro.es\/en\/industria\/","og_locale":"en_GB","og_type":"article","og_title":"Industria","og_description":"Explore the Tratamiento de aguas en Industria to ensure quality and efficiency in production across multiple sectors.","og_url":"https:\/\/www.ecohidro.es\/en\/industria\/","og_site_name":"ECOHIDRO","article_publisher":"https:\/\/www.facebook.com\/EcohidroAguayMedioAmbiente\/","article_modified_time":"2026-04-15T12:09:35+00:00","og_image":[{"width":2560,"height":1920,"url":"https:\/\/www.ecohidro.es\/wp-content\/uploads\/2025\/03\/agricola-el-jarddin__-scaled.jpg","type":"image\/jpeg"}],"twitter_card":"summary_large_image","twitter_site":"@ecohidro_","twitter_misc":{"Estimated reading time":"2 minutes"},"schema":{"@context":"https:\/\/schema.org","@graph":[{"@type":"WebPage","@id":"https:\/\/www.ecohidro.es\/industria\/","url":"https:\/\/www.ecohidro.es\/industria\/","name":"Tratamiento de aguas en Industria y su importancia - ECOHIDRO","isPartOf":{"@id":"https:\/\/www.ecohidro.es\/#website"},"datePublished":"2025-02-03T17:19:24+00:00","dateModified":"2026-04-15T12:09:35+00:00","description":"Explore the Tratamiento de aguas en Industria to ensure quality and efficiency in production across multiple sectors.","breadcrumb":{"@id":"https:\/\/www.ecohidro.es\/industria\/#breadcrumb"},"inLanguage":"en-GB","potentialAction":[{"@type":"ReadAction","target":["https:\/\/www.ecohidro.es\/industria\/"]}]},{"@type":"BreadcrumbList","@id":"https:\/\/www.ecohidro.es\/industria\/#breadcrumb","itemListElement":[{"@type":"ListItem","position":1,"name":"Home","item":"https:\/\/www.ecohidro.es\/"},{"@type":"ListItem","position":2,"name":"Industria"}]},{"@type":"WebSite","@id":"https:\/\/www.ecohidro.es\/#website","url":"https:\/\/www.ecohidro.es\/","name":"ECOHIDRO","description":"Agua y Medio Ambiente","publisher":{"@id":"https:\/\/www.ecohidro.es\/#organization"},"potentialAction":[{"@type":"SearchAction","target":{"@type":"EntryPoint","urlTemplate":"https:\/\/www.ecohidro.es\/?s={search_term_string}"},"query-input":{"@type":"PropertyValueSpecification","valueRequired":true,"valueName":"search_term_string"}}],"inLanguage":"en-GB"},{"@type":["Organization","Place"],"@id":"https:\/\/www.ecohidro.es\/#organization","name":"ECOHIDRO","url":"https:\/\/www.ecohidro.es\/","logo":{"@id":"https:\/\/www.ecohidro.es\/industria\/#local-main-organization-logo"},"image":{"@id":"https:\/\/www.ecohidro.es\/industria\/#local-main-organization-logo"},"sameAs":["https:\/\/www.facebook.com\/EcohidroAguayMedioAmbiente\/","https:\/\/x.com\/ecohidro_","https:\/\/www.linkedin.com\/company\/39878755\/admin\/dashboard\/","https:\/\/www.instagram.com\/ecohidro_es\/"],"description":"Ecohidro Agua y Medio Ambiente EBT, S.L. es una ingenier\u00eda especializada en tratamiento y gesti\u00f3n del agua, con m\u00e1s de 45 a\u00f1os de experiencia en el dise\u00f1o, fabricaci\u00f3n y comercializaci\u00f3n de equipos y soluciones avanzadas para el tratamiento de aguas potables, residuales, de reutilizaci\u00f3n, desalinizaci\u00f3n y aguas grises. Nuestra empresa con sede t\u00e9cnica y f\u00e1brica en Murcia combina ingenier\u00eda, innovaci\u00f3n y sostenibilidad para ofrecer soluciones eficientes y personalizadas a sectores municipales, industriales, agr\u00edcolas y de emergencias, tanto en Espa\u00f1a como internacionalmente. Contamos con una amplia gama de productos propios de tratamiento de agua \u2014como potabilizadoras, depuradoras, sistemas de desalinizaci\u00f3n y tecnolog\u00edas de reutilizaci\u00f3n\u2014 que garantizan cumplimiento normativo, eficiencia energ\u00e9tica y m\u00ednima necesidad de mantenimiento. Nuestros servicios incluyen consultor\u00eda t\u00e9cnica, formaci\u00f3n, soporte y asistencia personalizada, as\u00ed como investigaci\u00f3n y desarrollo continuo, para evolucionar hacia soluciones m\u00e1s sostenibles que reduzcan el impacto ambiental y optimicen los recursos h\u00eddricos. Ecohidro se distingue por su adaptaci\u00f3n a necesidades espec\u00edficas de clientes, su compromiso con la calidad y la sostenibilidad, y la aplicaci\u00f3n de tecnolog\u00edas avanzadas que contribuyen a la preservaci\u00f3n de los recursos h\u00eddricos y la protecci\u00f3n del medio ambiente.","legalName":"ECOHIDRO, AGUA Y MEDIO AMBIENTE EBT S.L.","foundingDate":"2007-01-19","numberOfEmployees":{"@type":"QuantitativeValue","minValue":"11","maxValue":"50"},"telephone":[],"openingHoursSpecification":[{"@type":"OpeningHoursSpecification","dayOfWeek":["Monday","Tuesday","Wednesday","Thursday","Friday","Saturday","Sunday"],"opens":"09:00","closes":"17:00"}]},{"@type":"ImageObject","inLanguage":"en-GB","@id":"https:\/\/www.ecohidro.es\/industria\/#local-main-organization-logo","url":"https:\/\/www.ecohidro.es\/wp-content\/uploads\/2024\/10\/Degradado_iconopagweb.png","contentUrl":"https:\/\/www.ecohidro.es\/wp-content\/uploads\/2024\/10\/Degradado_iconopagweb.png","width":567,"height":425,"caption":"ECOHIDRO"}]}},"_links":{"self":[{"href":"https:\/\/www.ecohidro.es\/en\/wp-json\/wp\/v2\/pages\/721","targetHints":{"allow":["GET"]}}],"collection":[{"href":"https:\/\/www.ecohidro.es\/en\/wp-json\/wp\/v2\/pages"}],"about":[{"href":"https:\/\/www.ecohidro.es\/en\/wp-json\/wp\/v2\/types\/page"}],"author":[{"embeddable":true,"href":"https:\/\/www.ecohidro.es\/en\/wp-json\/wp\/v2\/users\/1"}],"replies":[{"embeddable":true,"href":"https:\/\/www.ecohidro.es\/en\/wp-json\/wp\/v2\/comments?post=721"}],"version-history":[{"count":1,"href":"https:\/\/www.ecohidro.es\/en\/wp-json\/wp\/v2\/pages\/721\/revisions"}],"predecessor-version":[{"id":5935,"href":"https:\/\/www.ecohidro.es\/en\/wp-json\/wp\/v2\/pages\/721\/revisions\/5935"}],"wp:attachment":[{"href":"https:\/\/www.ecohidro.es\/en\/wp-json\/wp\/v2\/media?parent=721"}],"curies":[{"name":"wp","href":"https:\/\/api.w.org\/{rel}","templated":true}]}}