{"id":5990,"date":"2026-04-23T10:19:21","date_gmt":"2026-04-23T08:19:21","guid":{"rendered":"https:\/\/www.ecohidro.es\/?page_id=5990"},"modified":"2026-04-23T10:19:43","modified_gmt":"2026-04-23T08:19:43","slug":"politica-de-cookies","status":"publish","type":"page","link":"https:\/\/www.ecohidro.es\/en\/politica-de-cookies\/","title":{"rendered":"Pol\u00edtica de cookies"},"content":{"rendered":"\n[et_pb_section fb_built=\u00bb1&#8243; admin_label=\u00bbsection\u00bb _builder_version=\u00bb4.16&#8243; global_colors_info=\u00bb{}\u00bb][et_pb_row admin_label=\u00bbrow\u00bb _builder_version=\u00bb4.16&#8243; background_size=\u00bbinitial\u00bb background_position=\u00bbtop_left\u00bb background_repeat=\u00bbrepeat\u00bb global_colors_info=\u00bb{}\u00bb][et_pb_column type=\u00bb4_4&#8243; _builder_version=\u00bb4.16&#8243; custom_padding=\u00bb|||\u00bb global_colors_info=\u00bb{}\u00bb custom_padding__hover=\u00bb|||\u00bb][et_pb_text admin_label=\u00bbText\u00bb _builder_version=\u00bb4.16&#8243; background_size=\u00bbinitial\u00bb background_position=\u00bbtop_left\u00bb background_repeat=\u00bbrepeat\u00bb global_colors_info=\u00bb{}\u00bb]<p><!-- divi:heading --><\/p>\n<p><span style=\"font-size: x-large; color: #191919;\"><strong>Pol\u00edtica de cookies<\/strong><\/span><\/p>\n<p><strong>\u00bfQu\u00e9 son las cookies?<\/strong>\u00a0Este sitio web utiliza cookies y\/o tecnolog\u00edas similares que almacenan y recuperan informaci\u00f3n cuando navegas. En general, estas tecnolog\u00edas pueden servir para finalidades muy diversas, como, por ejemplo, reconocerte como usuario, obtener informaci\u00f3n sobre tus h\u00e1bitos de navegaci\u00f3n, o personalizar la forma en que se muestra el contenido. Los usos concretos que hacemos de estas tecnolog\u00edas se describen a continuaci\u00f3n.<\/p>\n<p><strong>\u00bfQu\u00e9 tipo de cookies existen?<\/strong><\/p>\n<ol>\n<li><strong><\/strong>Tipos de cookies seg\u00fan la entidad que la gestione:<\/li>\n<li><strong> Cookies propias<\/strong>: son aquellas que se env\u00edan al equipo terminal del usuario desde un equipo o dominio gestionado por el propio editor y desde el que se presta el servicio solicitado por el usuario.<\/li>\n<li><strong> Cookies de tercero<\/strong>: son aquellas que se env\u00edan al equipo terminal del usuario desde un equipo o dominio que no es gestionado por el editor, sino por otra entidad que trata los datos obtenidos trav\u00e9s de las cookies.<\/li>\n<li><strong><\/strong>Tipos de cookies seg\u00fan su finalidad:<\/li>\n<li><strong> Cookies t\u00e9cnicas<\/strong>: son aquellas que permiten al usuario la navegaci\u00f3n a trav\u00e9s de una p\u00e1gina web, plataforma o aplicaci\u00f3n y la utilizaci\u00f3n de las diferentes opciones o servicios que en ella existan, incluyendo aquellas que el editor utiliza para permitir la gesti\u00f3n y operativa de la p\u00e1gina web y habilitar sus funciones y servicios, como, por ejemplo, controlar el tr\u00e1fico y la comunicaci\u00f3n de datos, identificar la sesi\u00f3n, acceder a partes de acceso restringido, recordar los elementos que integran un pedido, realizar el proceso de compra de un pedido, gestionar el pago, controlar el fraude vinculado a la seguridad del servicio, realizar la solicitud de inscripci\u00f3n o participaci\u00f3n en un evento, contar visitas a efectos de la facturaci\u00f3n de licencias del software con el que funciona el servicio (sitio web, plataforma o aplicaci\u00f3n), utilizar elementos de seguridad durante la navegaci\u00f3n, almacenar contenidos para la difusi\u00f3n de v\u00eddeos o sonido, habilitar contenidos din\u00e1micos (por ejemplo, animaci\u00f3n de carga de un texto o imagen) o compartir contenidos a trav\u00e9s de redes sociales.<\/li>\n<\/ol>\n<p>Tambi\u00e9n pertenecen a esta categor\u00eda, por su naturaleza t\u00e9cnica, aquellas cookies que permiten la gesti\u00f3n, de la forma m\u00e1s eficaz posible, de los espacios publicitarios que, como un elemento m\u00e1s de dise\u00f1o o \u201cmaquetaci\u00f3n\u201d del servicio ofrecido al usuario, el editor haya incluido en una p\u00e1gina web, aplicaci\u00f3n o plataforma en base a criterios como el contenido editado, sin que se recopile informaci\u00f3n de los usuarios con fines distintos, como puede ser personalizar ese contenido publicitario u otros contenidos.<\/p>\n<ol>\n<li><strong> Cookies de preferencias o personalizaci\u00f3n<\/strong>: son aquellas que permiten recordar informaci\u00f3n para que el usuario acceda al servicio con determinadas caracter\u00edsticas que pueden diferenciar su experiencia de la de otros usuarios, como, por ejemplo, el idioma, el n\u00famero de resultados a mostrar cuando el usuario realiza una b\u00fasqueda, el aspecto o contenido del servicio en funci\u00f3n del tipo de navegador a trav\u00e9s del cual el usuario accede al servicio o de la regi\u00f3n desde la que accede al servicio, etc.<\/li>\n<li><strong> Cookies de an\u00e1lisis o medici\u00f3n<\/strong>: son aquellas que permiten al responsable de las mismas el seguimiento y an\u00e1lisis del comportamiento de los usuarios de los sitios web a los que est\u00e1n vinculadas, incluida la cuantificaci\u00f3n de los impactos de los anuncios. La informaci\u00f3n recogida mediante este tipo de cookies se utiliza en la medici\u00f3n de la actividad de los sitios web, aplicaci\u00f3n o plataforma, con el fin de introducir mejoras en funci\u00f3n del an\u00e1lisis de los datos de uso que hacen los usuarios del servicio.<\/li>\n<li><strong> Cookies de publicidad comportamental<\/strong>: son aquellas que almacenan informaci\u00f3n del comportamiento de los usuarios obtenida a trav\u00e9s de la observaci\u00f3n continuada de sus h\u00e1bitos de navegaci\u00f3n, lo que permite desarrollar un perfil espec\u00edfico para mostrar publicidad en funci\u00f3n del mismo.<\/li>\n<li><strong><\/strong>Tipos de cookies seg\u00fan el plazo de tiempo que permanecen activadas:<\/li>\n<li><strong> Cookies de sesi\u00f3n<\/strong>: son aquellas dise\u00f1adas para recabar y almacenar datos mientras el usuario accede a una p\u00e1gina web. Se suelen emplear para almacenar informaci\u00f3n que solo interesa conservar para la prestaci\u00f3n del servicio solicitado por el usuario en una sola ocasi\u00f3n (por ejemplo, una lista de productos adquiridos) y desaparecen al terminar la sesi\u00f3n.<\/li>\n<li><strong> Cookies persistentes<\/strong>: son aquellas en las que los datos siguen almacenados en el terminal y pueden ser accedidos y tratados durante un periodo definido por el responsable de la cookie, y que puede ir de unos minutos a varios a\u00f1os.<\/li>\n<\/ol>\n<p><strong>\u00bfQu\u00e9 tipos de cookies se utilizan en esta p\u00e1gina web?\u00a0 \u00a0 \u00a0 \u00a0 \u00a0 \u00a0 \u00a0 \u00a0 \u00a0 \u00a0 \u00a0 \u00a0 \u00a0 \u00a0 \u00a0 \u00a0 \u00a0 \u00a0 \u00a0 \u00a0 \u00a0 \u00a0 \u00a0 \u00a0 \u00a0 \u00a0 \u00a0 \u00a0 \u00a0 \u00a0 \u00a0 \u00a0 \u00a0 \u00a0 \u00a0 \u00a0 \u00a0 \u00a0 \u00a0 \u00a0 \u00a0 \u00a0 \u00a0 \u00a0 \u00a0 \u00a0 \u00a0 \u00a0 \u00a0 \u00a0 \u00a0 \u00a0 \u00a0 \u00a0 \u00a0 \u00a0 \u00a0 \u00a0 \u00a0 \u00a0 \u00a0 \u00a0 \u00a0 \u00a0 \u00a0 \u00a0 \u00a0 \u00a0 \u00a0 \u00a0 \u00a0 \u00a0 \u00a0 \u00a0 \u00a0 \u00a0<\/strong><\/p>\n<table>\n<tbody>\n<tr>\n<td width=\"20%\">\n<p><strong>Nombre<\/strong><\/p>\n<\/td>\n<td width=\"15%\">\n<p><strong>Entidad<\/strong><\/p>\n<\/td>\n<td width=\"45%\">\n<p><strong>Finalidad<\/strong><\/p>\n<\/td>\n<td width=\"10%\">\n<p><strong>Duraci\u00f3n<\/strong><\/p>\n<\/td>\n<td width=\"10%\">\n<p><strong>Tipo<\/strong><\/p>\n<\/td>\n<\/tr>\n<tr>\n<td>\n<p>wpconsent<\/p>\n<\/td>\n<td>\n<p>Ecohidro<\/p>\n<\/td>\n<td>\n<p>Registra la preferencia de cookies del usuario.<\/p>\n<\/td>\n<td>\n<p>Sesi\u00f3n<\/p>\n<\/td>\n<td>\n<p>T\u00e9cnica<\/p>\n<\/td>\n<\/tr>\n<tr>\n<td>\n<p>_ga<\/p>\n<\/td>\n<td>\n<p><a href=\"https:\/\/policies.google.com\/privacy?hl=es\">Google Corp.<\/a><\/p>\n<\/td>\n<td>\n<p>Registra una identificaci\u00f3n \u00fanica para un visitante del sitio web, rastrea c\u00f3mo el visitante usa el sitio web. Los datos se utilizan para estad\u00edsticas.<\/p>\n<\/td>\n<td>\n<p>2 a\u00f1os<\/p>\n<\/td>\n<td>\n<p>Estad\u00edstica<\/p>\n<\/td>\n<\/tr>\n<tr>\n<td>\n<p>_gid<\/p>\n<\/td>\n<td>\n<p><a href=\"https:\/\/policies.google.com\/privacy?hl=es\">Google Corp.<\/a><\/p>\n<\/td>\n<td>\n<p>Registra una identificaci\u00f3n \u00fanica para un visitante del sitio web, rastrea c\u00f3mo el visitante usa el sitio web. Los datos se utilizan para estad\u00edsticas.<\/p>\n<\/td>\n<td>\n<p>24 horas<\/p>\n<\/td>\n<td>\n<p>Estad\u00edstica<\/p>\n<\/td>\n<\/tr>\n<tr>\n<td>\n<p>_click<\/p>\n<\/td>\n<td>\n<p><a href=\"https:\/\/privacy.microsoft.com\/es-es\/privacystatement\">Microsoft<\/a><\/p>\n<\/td>\n<td>\n<p>Clarity es una cookie de tipo anal\u00edtica y permite analizar el comportamiento de los usuarios en nuestra web, a trav\u00e9s de reproducciones de sesiones y mapas de calor.<\/p>\n<\/td>\n<td>\n<p>1 a\u00f1o<\/p>\n<\/td>\n<td>\n<p>Estad\u00edstica<\/p>\n<\/td>\n<\/tr>\n<tr>\n<td>\n<p>CLID<\/p>\n<\/td>\n<td>\n<p><a href=\"https:\/\/privacy.microsoft.com\/es-es\/privacystatement\">Microsoft<\/a><\/p>\n<\/td>\n<td>\n<p>Clarity es una cookie de tipo anal\u00edtica y permite analizar el comportamiento de los usuarios en nuestra web, a trav\u00e9s de reproducciones de sesiones y mapas de calor.<\/p>\n<\/td>\n<td>\n<p>1 a\u00f1o<\/p>\n<\/td>\n<td>\n<p>Estad\u00edstica<\/p>\n<\/td>\n<\/tr>\n<\/tbody>\n<\/table>\n<p><strong>Transferencias internacionales de cookies de terceros<\/strong><\/p>\n<p>Puedes informarte de las transferencias a terceros pa\u00edses que, en su caso, realizan los terceros identificados en esta pol\u00edtica de cookies en sus correspondientes pol\u00edticas (ver los enlaces facilitados en el apartado \u201cEditor\u201d).<\/p>\n<p><strong>Licitud del tratamiento<\/strong><\/p>\n<p>La base legal del tratamiento es su consentimiento (libre, espec\u00edfico, informado e inequ\u00edvoco). Podr\u00e1 revocar su consentimiento, siga las instrucciones del siguiente apartado.<\/p>\n<p><strong>Forma de aceptar, denegar, revocar el consentimiento o eliminar las cookies<\/strong><\/p>\n<p>Puede permitir o bloquear las cookies accediendo al configurador de las cookies previamente se\u00f1alado.<\/p>\n<p>En el caso de que nuestro sistema de gesti\u00f3n o configuraci\u00f3n de las cookies no permitiese evitar la utilizaci\u00f3n de las cookies de terceros una vez aceptadas por el usuario, puede usted permitir o bloquear las cookies, as\u00ed como borrar sus datos de navegaci\u00f3n (incluidas las cookies) desde el navegador que usted utiliza o desde las opciones de configuraci\u00f3n del tercero accediendo a trav\u00e9s del link facilitado previamente. Consulte las opciones e instrucciones que ofrece su navegador para ello.<\/p>\n<ul>\n<li><strong>Firefox<\/strong>:\u00a0<a href=\"https:\/\/support.mozilla.org\/es\/kb\/cookies-informacion-que-los-sitios-web-guardan-en-#w_configurar-las-cookies\">https:\/\/support.mozilla.org\/es\/kb\/cookies-informacion-que-los-sitios-web-guardan-en-#w_configurar-las-cookies<\/a><\/li>\n<li><strong>Chrome<\/strong>:\u00a0<a href=\"https:\/\/support.google.com\/chrome\/answer\/95647?hl=es\">https:\/\/support.google.com\/chrome\/answer\/95647?hl=es<\/a><\/li>\n<li><strong>Edge<\/strong>:\u00a0<a href=\"https:\/\/support.microsoft.com\/es-es\/windows\/administrar-cookies-en-microsoft-edge-ver-permitir-bloquear-eliminar-y-usar-168dab11-0753-043d-7c16-ede5947fc64d\">https:\/\/support.microsoft.com\/es-es\/windows\/administrar-cookies-en-microsoft-edge-ver-permitir-bloquear-eliminar-y-usar-168dab11-0753-043d-7c16-ede5947fc64d<\/a><\/li>\n<li><strong>Safari<\/strong>:\u00a0<a href=\"https:\/\/support.apple.com\/es-es\/HT201265\">https:\/\/support.apple.com\/es-es\/HT201265<\/a><\/li>\n<li><strong>Otros navegadores<\/strong>: consulte la documentaci\u00f3n del navegador que tenga instalado.<\/li>\n<\/ul>\n<p><strong>Elaboraci\u00f3n de perfiles automatizada con efectos jur\u00eddicos<\/strong><\/p>\n<p>Las cookies instaladas si bien realizan an\u00e1lisis de perfiles de forma automatizada, no produce efectos jur\u00eddicos.<\/p>\n<p><strong>Otra informaci\u00f3n exigida por el art. 13 del RGPD<\/strong><\/p>\n<p>Formando parte del deber de informaci\u00f3n exigido por el art. 13 del RGPD, os remitimos a la\u00a0<a href=\"https:\/\/www.ecohidro.es\/politica-de-privacidad\/\">Pol\u00edtica de Privacidad<\/a>\u00a0para informarle de:<\/p>\n<ol>\n<li><strong>a)\u00a0<\/strong>la identidad y los datos de contacto del responsable y, en su caso, de su representante;<\/li>\n<li><strong>b)\u00a0<\/strong>los datos de contacto del delegado de protecci\u00f3n de datos, en su caso;<\/li>\n<li><strong>c)\u00a0<\/strong>la existencia del derecho a solicitar al responsable del tratamiento el acceso a los datos personales relativos al interesado, y su rectificaci\u00f3n o supresi\u00f3n, o la limitaci\u00f3n de su tratamiento, o a oponerse al tratamiento, as\u00ed como el derecho a la portabilidad de los datos;<\/li>\n<\/ol>\n<p><strong>d)\u00a0<\/strong>el derecho a presentar una reclamaci\u00f3n ante una autoridad d<\/p>\n<p><!-- \/divi:heading --><\/p>[\/et_pb_text][\/et_pb_column][\/et_pb_row][\/et_pb_section]\n","protected":false},"excerpt":{"rendered":"<p>Pol\u00edtica de cookies \u00bfQu\u00e9 son las cookies?\u00a0Este sitio web utiliza cookies y\/o tecnolog\u00edas similares que almacenan y recuperan informaci\u00f3n cuando navegas. En general, estas tecnolog\u00edas pueden servir para finalidades muy diversas, como, por ejemplo, reconocerte como usuario, obtener informaci\u00f3n sobre tus h\u00e1bitos de navegaci\u00f3n, o personalizar la forma en que se muestra el contenido. Los [&hellip;]<\/p>\n","protected":false},"author":1,"featured_media":0,"parent":0,"menu_order":0,"comment_status":"closed","ping_status":"closed","template":"","meta":{"_et_pb_use_builder":"on","_et_pb_old_content":"","_et_gb_content_width":"","_monsterinsights_skip_tracking":false,"_monsterinsights_sitenote_active":false,"_monsterinsights_sitenote_note":"","_monsterinsights_sitenote_category":0,"footnotes":""},"class_list":["post-5990","page","type-page","status-publish","hentry"],"yoast_head":"<!-- This site is optimized with the Yoast SEO Premium plugin v27.5 (Yoast SEO v27.5) - https:\/\/yoast.com\/product\/yoast-seo-premium-wordpress\/ -->\n<title>Politica de cookies y su importancia en la web - ECOHIDRO<\/title>\n<meta name=\"description\" content=\"Learn about the Politica de cookies and how they affect your browsing experience. Understand cookie types and purposes.\" \/>\n<meta name=\"robots\" content=\"index, follow, max-snippet:-1, max-image-preview:large, max-video-preview:-1\" \/>\n<link rel=\"canonical\" href=\"https:\/\/www.ecohidro.es\/en\/politica-de-cookies\/\" \/>\n<meta property=\"og:locale\" content=\"en_GB\" \/>\n<meta property=\"og:type\" content=\"article\" \/>\n<meta property=\"og:title\" content=\"Pol\u00edtica de cookies\" \/>\n<meta property=\"og:description\" content=\"Learn about the Politica de cookies and how they affect your browsing experience. Understand cookie types and purposes.\" \/>\n<meta property=\"og:url\" content=\"https:\/\/www.ecohidro.es\/en\/politica-de-cookies\/\" \/>\n<meta property=\"og:site_name\" content=\"ECOHIDRO\" \/>\n<meta property=\"article:publisher\" content=\"https:\/\/www.facebook.com\/EcohidroAguayMedioAmbiente\/\" \/>\n<meta property=\"article:modified_time\" content=\"2026-04-23T08:19:43+00:00\" \/>\n<meta property=\"og:image\" content=\"https:\/\/www.ecohidro.es\/wp-content\/uploads\/2025\/03\/agricola-el-jarddin__-scaled.jpg\" \/>\n\t<meta property=\"og:image:width\" content=\"2560\" \/>\n\t<meta property=\"og:image:height\" content=\"1920\" \/>\n\t<meta property=\"og:image:type\" content=\"image\/jpeg\" \/>\n<meta name=\"twitter:card\" content=\"summary_large_image\" \/>\n<meta name=\"twitter:site\" content=\"@ecohidro_\" \/>\n<meta name=\"twitter:label1\" content=\"Estimated reading time\" \/>\n\t<meta name=\"twitter:data1\" content=\"6 minutes\" \/>\n<script type=\"application\/ld+json\" class=\"yoast-schema-graph\">{\"@context\":\"https:\\\/\\\/schema.org\",\"@graph\":[{\"@type\":\"WebPage\",\"@id\":\"https:\\\/\\\/www.ecohidro.es\\\/politica-de-cookies\\\/\",\"url\":\"https:\\\/\\\/www.ecohidro.es\\\/politica-de-cookies\\\/\",\"name\":\"Politica de cookies y su importancia en la web - ECOHIDRO\",\"isPartOf\":{\"@id\":\"https:\\\/\\\/www.ecohidro.es\\\/#website\"},\"datePublished\":\"2026-04-23T08:19:21+00:00\",\"dateModified\":\"2026-04-23T08:19:43+00:00\",\"description\":\"Learn about the Politica de cookies and how they affect your browsing experience. Understand cookie types and purposes.\",\"breadcrumb\":{\"@id\":\"https:\\\/\\\/www.ecohidro.es\\\/politica-de-cookies\\\/#breadcrumb\"},\"inLanguage\":\"en-GB\",\"potentialAction\":[{\"@type\":\"ReadAction\",\"target\":[\"https:\\\/\\\/www.ecohidro.es\\\/politica-de-cookies\\\/\"]}]},{\"@type\":\"BreadcrumbList\",\"@id\":\"https:\\\/\\\/www.ecohidro.es\\\/politica-de-cookies\\\/#breadcrumb\",\"itemListElement\":[{\"@type\":\"ListItem\",\"position\":1,\"name\":\"Home\",\"item\":\"https:\\\/\\\/www.ecohidro.es\\\/\"},{\"@type\":\"ListItem\",\"position\":2,\"name\":\"Pol\u00edtica de cookies\"}]},{\"@type\":\"WebSite\",\"@id\":\"https:\\\/\\\/www.ecohidro.es\\\/#website\",\"url\":\"https:\\\/\\\/www.ecohidro.es\\\/\",\"name\":\"ECOHIDRO\",\"description\":\"Agua y Medio Ambiente\",\"publisher\":{\"@id\":\"https:\\\/\\\/www.ecohidro.es\\\/#organization\"},\"potentialAction\":[{\"@type\":\"SearchAction\",\"target\":{\"@type\":\"EntryPoint\",\"urlTemplate\":\"https:\\\/\\\/www.ecohidro.es\\\/?s={search_term_string}\"},\"query-input\":{\"@type\":\"PropertyValueSpecification\",\"valueRequired\":true,\"valueName\":\"search_term_string\"}}],\"inLanguage\":\"en-GB\"},{\"@type\":[\"Organization\",\"Place\"],\"@id\":\"https:\\\/\\\/www.ecohidro.es\\\/#organization\",\"name\":\"ECOHIDRO\",\"url\":\"https:\\\/\\\/www.ecohidro.es\\\/\",\"logo\":{\"@id\":\"https:\\\/\\\/www.ecohidro.es\\\/politica-de-cookies\\\/#local-main-organization-logo\"},\"image\":{\"@id\":\"https:\\\/\\\/www.ecohidro.es\\\/politica-de-cookies\\\/#local-main-organization-logo\"},\"sameAs\":[\"https:\\\/\\\/www.facebook.com\\\/EcohidroAguayMedioAmbiente\\\/\",\"https:\\\/\\\/x.com\\\/ecohidro_\",\"https:\\\/\\\/www.linkedin.com\\\/company\\\/39878755\\\/admin\\\/dashboard\\\/\",\"https:\\\/\\\/www.instagram.com\\\/ecohidro_es\\\/\"],\"description\":\"Ecohidro Agua y Medio Ambiente EBT, S.L. es una ingenier\u00eda especializada en tratamiento y gesti\u00f3n del agua, con m\u00e1s de 45 a\u00f1os de experiencia en el dise\u00f1o, fabricaci\u00f3n y comercializaci\u00f3n de equipos y soluciones avanzadas para el tratamiento de aguas potables, residuales, de reutilizaci\u00f3n, desalinizaci\u00f3n y aguas grises. Nuestra empresa con sede t\u00e9cnica y f\u00e1brica en Murcia combina ingenier\u00eda, innovaci\u00f3n y sostenibilidad para ofrecer soluciones eficientes y personalizadas a sectores municipales, industriales, agr\u00edcolas y de emergencias, tanto en Espa\u00f1a como internacionalmente. Contamos con una amplia gama de productos propios de tratamiento de agua \u2014como potabilizadoras, depuradoras, sistemas de desalinizaci\u00f3n y tecnolog\u00edas de reutilizaci\u00f3n\u2014 que garantizan cumplimiento normativo, eficiencia energ\u00e9tica y m\u00ednima necesidad de mantenimiento. Nuestros servicios incluyen consultor\u00eda t\u00e9cnica, formaci\u00f3n, soporte y asistencia personalizada, as\u00ed como investigaci\u00f3n y desarrollo continuo, para evolucionar hacia soluciones m\u00e1s sostenibles que reduzcan el impacto ambiental y optimicen los recursos h\u00eddricos. Ecohidro se distingue por su adaptaci\u00f3n a necesidades espec\u00edficas de clientes, su compromiso con la calidad y la sostenibilidad, y la aplicaci\u00f3n de tecnolog\u00edas avanzadas que contribuyen a la preservaci\u00f3n de los recursos h\u00eddricos y la protecci\u00f3n del medio ambiente.\",\"legalName\":\"ECOHIDRO, AGUA Y MEDIO AMBIENTE EBT S.L.\",\"foundingDate\":\"2007-01-19\",\"numberOfEmployees\":{\"@type\":\"QuantitativeValue\",\"minValue\":\"11\",\"maxValue\":\"50\"},\"telephone\":[],\"openingHoursSpecification\":[{\"@type\":\"OpeningHoursSpecification\",\"dayOfWeek\":[\"Monday\",\"Tuesday\",\"Wednesday\",\"Thursday\",\"Friday\",\"Saturday\",\"Sunday\"],\"opens\":\"09:00\",\"closes\":\"17:00\"}]},{\"@type\":\"ImageObject\",\"inLanguage\":\"en-GB\",\"@id\":\"https:\\\/\\\/www.ecohidro.es\\\/politica-de-cookies\\\/#local-main-organization-logo\",\"url\":\"https:\\\/\\\/www.ecohidro.es\\\/wp-content\\\/uploads\\\/2024\\\/10\\\/Degradado_iconopagweb.png\",\"contentUrl\":\"https:\\\/\\\/www.ecohidro.es\\\/wp-content\\\/uploads\\\/2024\\\/10\\\/Degradado_iconopagweb.png\",\"width\":567,\"height\":425,\"caption\":\"ECOHIDRO\"}]}<\/script>\n<!-- \/ Yoast SEO Premium plugin. -->","yoast_head_json":{"title":"Politica de cookies y su importancia en la web - ECOHIDRO","description":"Learn about the Politica de cookies and how they affect your browsing experience. Understand cookie types and purposes.","robots":{"index":"index","follow":"follow","max-snippet":"max-snippet:-1","max-image-preview":"max-image-preview:large","max-video-preview":"max-video-preview:-1"},"canonical":"https:\/\/www.ecohidro.es\/en\/politica-de-cookies\/","og_locale":"en_GB","og_type":"article","og_title":"Pol\u00edtica de cookies","og_description":"Learn about the Politica de cookies and how they affect your browsing experience. Understand cookie types and purposes.","og_url":"https:\/\/www.ecohidro.es\/en\/politica-de-cookies\/","og_site_name":"ECOHIDRO","article_publisher":"https:\/\/www.facebook.com\/EcohidroAguayMedioAmbiente\/","article_modified_time":"2026-04-23T08:19:43+00:00","og_image":[{"width":2560,"height":1920,"url":"https:\/\/www.ecohidro.es\/wp-content\/uploads\/2025\/03\/agricola-el-jarddin__-scaled.jpg","type":"image\/jpeg"}],"twitter_card":"summary_large_image","twitter_site":"@ecohidro_","twitter_misc":{"Estimated reading time":"6 minutes"},"schema":{"@context":"https:\/\/schema.org","@graph":[{"@type":"WebPage","@id":"https:\/\/www.ecohidro.es\/politica-de-cookies\/","url":"https:\/\/www.ecohidro.es\/politica-de-cookies\/","name":"Politica de cookies y su importancia en la web - ECOHIDRO","isPartOf":{"@id":"https:\/\/www.ecohidro.es\/#website"},"datePublished":"2026-04-23T08:19:21+00:00","dateModified":"2026-04-23T08:19:43+00:00","description":"Learn about the Politica de cookies and how they affect your browsing experience. Understand cookie types and purposes.","breadcrumb":{"@id":"https:\/\/www.ecohidro.es\/politica-de-cookies\/#breadcrumb"},"inLanguage":"en-GB","potentialAction":[{"@type":"ReadAction","target":["https:\/\/www.ecohidro.es\/politica-de-cookies\/"]}]},{"@type":"BreadcrumbList","@id":"https:\/\/www.ecohidro.es\/politica-de-cookies\/#breadcrumb","itemListElement":[{"@type":"ListItem","position":1,"name":"Home","item":"https:\/\/www.ecohidro.es\/"},{"@type":"ListItem","position":2,"name":"Pol\u00edtica de cookies"}]},{"@type":"WebSite","@id":"https:\/\/www.ecohidro.es\/#website","url":"https:\/\/www.ecohidro.es\/","name":"ECOHIDRO","description":"Agua y Medio Ambiente","publisher":{"@id":"https:\/\/www.ecohidro.es\/#organization"},"potentialAction":[{"@type":"SearchAction","target":{"@type":"EntryPoint","urlTemplate":"https:\/\/www.ecohidro.es\/?s={search_term_string}"},"query-input":{"@type":"PropertyValueSpecification","valueRequired":true,"valueName":"search_term_string"}}],"inLanguage":"en-GB"},{"@type":["Organization","Place"],"@id":"https:\/\/www.ecohidro.es\/#organization","name":"ECOHIDRO","url":"https:\/\/www.ecohidro.es\/","logo":{"@id":"https:\/\/www.ecohidro.es\/politica-de-cookies\/#local-main-organization-logo"},"image":{"@id":"https:\/\/www.ecohidro.es\/politica-de-cookies\/#local-main-organization-logo"},"sameAs":["https:\/\/www.facebook.com\/EcohidroAguayMedioAmbiente\/","https:\/\/x.com\/ecohidro_","https:\/\/www.linkedin.com\/company\/39878755\/admin\/dashboard\/","https:\/\/www.instagram.com\/ecohidro_es\/"],"description":"Ecohidro Agua y Medio Ambiente EBT, S.L. es una ingenier\u00eda especializada en tratamiento y gesti\u00f3n del agua, con m\u00e1s de 45 a\u00f1os de experiencia en el dise\u00f1o, fabricaci\u00f3n y comercializaci\u00f3n de equipos y soluciones avanzadas para el tratamiento de aguas potables, residuales, de reutilizaci\u00f3n, desalinizaci\u00f3n y aguas grises. Nuestra empresa con sede t\u00e9cnica y f\u00e1brica en Murcia combina ingenier\u00eda, innovaci\u00f3n y sostenibilidad para ofrecer soluciones eficientes y personalizadas a sectores municipales, industriales, agr\u00edcolas y de emergencias, tanto en Espa\u00f1a como internacionalmente. Contamos con una amplia gama de productos propios de tratamiento de agua \u2014como potabilizadoras, depuradoras, sistemas de desalinizaci\u00f3n y tecnolog\u00edas de reutilizaci\u00f3n\u2014 que garantizan cumplimiento normativo, eficiencia energ\u00e9tica y m\u00ednima necesidad de mantenimiento. Nuestros servicios incluyen consultor\u00eda t\u00e9cnica, formaci\u00f3n, soporte y asistencia personalizada, as\u00ed como investigaci\u00f3n y desarrollo continuo, para evolucionar hacia soluciones m\u00e1s sostenibles que reduzcan el impacto ambiental y optimicen los recursos h\u00eddricos. Ecohidro se distingue por su adaptaci\u00f3n a necesidades espec\u00edficas de clientes, su compromiso con la calidad y la sostenibilidad, y la aplicaci\u00f3n de tecnolog\u00edas avanzadas que contribuyen a la preservaci\u00f3n de los recursos h\u00eddricos y la protecci\u00f3n del medio ambiente.","legalName":"ECOHIDRO, AGUA Y MEDIO AMBIENTE EBT S.L.","foundingDate":"2007-01-19","numberOfEmployees":{"@type":"QuantitativeValue","minValue":"11","maxValue":"50"},"telephone":[],"openingHoursSpecification":[{"@type":"OpeningHoursSpecification","dayOfWeek":["Monday","Tuesday","Wednesday","Thursday","Friday","Saturday","Sunday"],"opens":"09:00","closes":"17:00"}]},{"@type":"ImageObject","inLanguage":"en-GB","@id":"https:\/\/www.ecohidro.es\/politica-de-cookies\/#local-main-organization-logo","url":"https:\/\/www.ecohidro.es\/wp-content\/uploads\/2024\/10\/Degradado_iconopagweb.png","contentUrl":"https:\/\/www.ecohidro.es\/wp-content\/uploads\/2024\/10\/Degradado_iconopagweb.png","width":567,"height":425,"caption":"ECOHIDRO"}]}},"_links":{"self":[{"href":"https:\/\/www.ecohidro.es\/en\/wp-json\/wp\/v2\/pages\/5990","targetHints":{"allow":["GET"]}}],"collection":[{"href":"https:\/\/www.ecohidro.es\/en\/wp-json\/wp\/v2\/pages"}],"about":[{"href":"https:\/\/www.ecohidro.es\/en\/wp-json\/wp\/v2\/types\/page"}],"author":[{"embeddable":true,"href":"https:\/\/www.ecohidro.es\/en\/wp-json\/wp\/v2\/users\/1"}],"replies":[{"embeddable":true,"href":"https:\/\/www.ecohidro.es\/en\/wp-json\/wp\/v2\/comments?post=5990"}],"version-history":[{"count":4,"href":"https:\/\/www.ecohidro.es\/en\/wp-json\/wp\/v2\/pages\/5990\/revisions"}],"predecessor-version":[{"id":5999,"href":"https:\/\/www.ecohidro.es\/en\/wp-json\/wp\/v2\/pages\/5990\/revisions\/5999"}],"wp:attachment":[{"href":"https:\/\/www.ecohidro.es\/en\/wp-json\/wp\/v2\/media?parent=5990"}],"curies":[{"name":"wp","href":"https:\/\/api.w.org\/{rel}","templated":true}]}}